{"id":29260,"date":"2025-10-07T08:05:33","date_gmt":"2025-10-07T08:05:33","guid":{"rendered":"https:\/\/www.domainedefontenille.fontenille-collection.com\/?page_id=29260"},"modified":"2025-12-23T12:57:29","modified_gmt":"2025-12-23T12:57:29","slug":"informazioni-legali","status":"publish","type":"page","link":"https:\/\/www.domainedefontenille.fontenille-collection.com\/it\/informazioni-legali\/","title":{"rendered":"Informazioni legali"},"content":{"rendered":"<div data-elementor-type=\"wp-page\" data-elementor-id=\"29260\" class=\"elementor elementor-29260\" data-elementor-settings=\"{&quot;asli_hide_title_disabled&quot;:&quot;yes&quot;}\" data-elementor-post-type=\"page\">\n\t\t\t\t<div class=\"elementor-element elementor-element-4a5e8119 e-flex e-con-boxed pt-xlarge px-gutters-horizontal e-con e-parent\" data-id=\"4a5e8119\" data-element_type=\"container\" data-e-type=\"container\" data-settings=\"{&quot;background_background&quot;:&quot;classic&quot;}\">\n\t\t\t\t\t<div class=\"e-con-inner\">\n\t\t\t\t<div class=\"elementor-element elementor-element-432af8a5 elementor-widget elementor-widget-text-editor\" data-id=\"432af8a5\" data-element_type=\"widget\" data-e-type=\"widget\" data-widget_type=\"text-editor.default\">\n\t\t\t\t<div class=\"elementor-widget-container\">\n\t\t\t\t\t\t\t\t\t<h2>Informazioni legali<\/h2>\n<p><!-- \/wp:heading --><!-- wp:paragraph --><\/p>\n<p><b>Il nostro sito web: https:domainedefontenille.com<\/b><\/p>\n<p><!-- \/wp:paragraph --><!-- wp:heading --><!-- \/wp:heading --><!-- wp:paragraph --><\/p>\n<p><strong>Azienda :<\/strong> I domini di Fontenille SAS<\/p>\n<p><strong>Sede legale: <\/strong>Domaine de Fontenille 84360 Lauris<\/p>\n<p>Indirizzo di contatto e sede secondaria: 9 avenue de l'Op\u00e9ra 75001 Parigi<\/p>\n<p>privacy@fontenillecollection.com<\/p>\n<p><strong>SIRENA<\/strong> <strong>:<\/strong> 798 361 184<\/p>\n<p><strong>IVA<\/strong> <strong>:<\/strong> FR13 798361184<\/p>\n<p><strong>Capitale sociale<\/strong> <strong>:<\/strong> 94.626.400 EUR<\/p>\n<p><strong>Scopo del sito<\/strong> <strong>:<\/strong> Promozione dello stabilimento<\/p>\n<p><strong>Direttore di pubblicazione :<\/strong> Fr\u00e9d\u00e9ric Biousse<\/p>\n<p><strong>Responsabile editoriale :<\/strong> Fr\u00e9d\u00e9ric Biousse<\/p>\n<p><strong>Concezione e Realizzazione del sito:<\/strong> Collezione Fontenille<\/p>\n<p><strong>Ospitato da : <\/strong>O2SWITCH, societ\u00e0 per azioni semplificata, iscritta al Registro delle Imprese di Clermont-Ferrand con il numero 510 909 807, con sede legale in Chemin des Pardiaux, 63000 Clermont-Ferrand<\/p>\n<p><strong>Proprietario delle fotografie, delle immagini e dei testi:<\/strong> I domini di Fontenille SAS<\/p>\n<p><strong>Il sito presenta :<\/strong> contenuto informativo<\/p>\n<p><strong>Raccolta di dati personali online :<\/strong> vedi Informativa sulla privacy.<\/p>\n<p><strong>Legge sulla protezione dei dati :<\/strong> il sito \u00e8 oggetto di una dichiarazione presso la Commissione Nazionale Informatica e Libert\u00e0. Avete il diritto di accesso, modifica, rettifica e cancellazione dei dati che vi riguardano (art. 34 della legge \u00abInformatica e Libert\u00e0\u00bb). Per esercitarlo, rivolgetevi a: privacy@fontenillecollection.com<\/p>\n<p><strong>Propriet\u00e0 :<\/strong> Il sito e le informazioni in esso contenute sono protetti dalla legge francese sulla propriet\u00e0 intellettuale e dalle convenzioni internazionali. Fatta eccezione per l'uso all'interno della cerchia familiare o per scopi privati, il sito e nessuna parte del suo contenuto pu\u00f2 essere riprodotta, ripubblicata, ritrascritta, modificata o ritrasmessa senza la preventiva autorizzazione dei titolari dei diritti d'autore.<\/p>\n<p><!-- \/wp:paragraph --><\/p>\t\t\t\t\t\t\t\t<\/div>\n\t\t\t\t<\/div>\n\t\t\t\t\t<\/div>\n\t\t\t\t<\/div>\n\t\t\t\t<\/div>","protected":false},"excerpt":{"rendered":"<p>Mentions L\u00e9gales Notre site web : https:domainedefontenille.com Soci\u00e9t\u00e9 : Les Domaines de Fontenille SAS Si\u00e8ge social : Domaine de Fontenille 84360 Lauris Adresse de contact et \u00e9tablissement secondaire : 9 avenue de l\u2019Op\u00e9ra 75001 Paris privacy@fontenillecollection.com SIREN : 798 361 184 TVA : FR13 798361184 Capital social : 94 626 400 EUR Objet du site [&hellip;]<\/p>\n","protected":false},"author":6,"featured_media":0,"parent":0,"menu_order":0,"comment_status":"closed","ping_status":"closed","template":"","meta":{"_acf_changed":false,"footnotes":""},"class_list":["post-29260","page","type-page","status-publish","hentry"],"acf":[],"yoast_head":"<!-- This site is optimized with the Yoast SEO plugin v27.5 - https:\/\/yoast.com\/product\/yoast-seo-wordpress\/ -->\n<title>Mentions l\u00e9gales - Domaine de Fontenille - H\u00f4tel, Restaurant &amp; Vignoble en Provence<\/title>\n<meta name=\"robots\" content=\"index, follow, max-snippet:-1, max-image-preview:large, max-video-preview:-1\" \/>\n<link rel=\"canonical\" href=\"https:\/\/www.domainedefontenille.fontenille-collection.com\/it\/informazioni-legali\/\" \/>\n<meta property=\"og:locale\" content=\"it_IT\" \/>\n<meta property=\"og:type\" content=\"article\" \/>\n<meta property=\"og:title\" content=\"Mentions l\u00e9gales - Domaine de Fontenille - H\u00f4tel, Restaurant &amp; Vignoble en Provence\" \/>\n<meta property=\"og:description\" content=\"Mentions L\u00e9gales Notre site web : https:domainedefontenille.com Soci\u00e9t\u00e9 : Les Domaines de Fontenille SAS Si\u00e8ge social : Domaine de Fontenille 84360 Lauris Adresse de contact et \u00e9tablissement secondaire : 9 avenue de l\u2019Op\u00e9ra 75001 Paris privacy@fontenillecollection.com SIREN : 798 361 184 TVA : FR13 798361184 Capital social : 94 626 400 EUR Objet du site [&hellip;]\" \/>\n<meta property=\"og:url\" content=\"https:\/\/www.domainedefontenille.fontenille-collection.com\/it\/informazioni-legali\/\" \/>\n<meta property=\"og:site_name\" content=\"Domaine de Fontenille - H\u00f4tel, Restaurant &amp; Vignoble en Provence\" \/>\n<meta property=\"article:modified_time\" content=\"2025-12-23T12:57:29+00:00\" \/>\n<meta name=\"twitter:card\" content=\"summary_large_image\" \/>\n<meta name=\"twitter:label1\" content=\"Tempo di lettura stimato\" \/>\n\t<meta name=\"twitter:data1\" content=\"2 minuti\" \/>\n<script type=\"application\/ld+json\" class=\"yoast-schema-graph\">{\"@context\":\"https:\\\/\\\/schema.org\",\"@graph\":[{\"@type\":\"WebPage\",\"@id\":\"https:\\\/\\\/www.domainedefontenille.fontenille-collection.com\\\/mentions-legales\\\/\",\"url\":\"https:\\\/\\\/www.domainedefontenille.fontenille-collection.com\\\/mentions-legales\\\/\",\"name\":\"Mentions l\u00e9gales - Domaine de Fontenille - H\u00f4tel, Restaurant &amp; Vignoble en Provence\",\"isPartOf\":{\"@id\":\"https:\\\/\\\/www.domainedefontenille.fontenille-collection.com\\\/#website\"},\"datePublished\":\"2025-10-07T08:05:33+00:00\",\"dateModified\":\"2025-12-23T12:57:29+00:00\",\"breadcrumb\":{\"@id\":\"https:\\\/\\\/www.domainedefontenille.fontenille-collection.com\\\/mentions-legales\\\/#breadcrumb\"},\"inLanguage\":\"it-IT\",\"potentialAction\":[{\"@type\":\"ReadAction\",\"target\":[\"https:\\\/\\\/www.domainedefontenille.fontenille-collection.com\\\/mentions-legales\\\/\"]}]},{\"@type\":\"BreadcrumbList\",\"@id\":\"https:\\\/\\\/www.domainedefontenille.fontenille-collection.com\\\/mentions-legales\\\/#breadcrumb\",\"itemListElement\":[{\"@type\":\"ListItem\",\"position\":1,\"name\":\"Accueil\",\"item\":\"https:\\\/\\\/www.domainedefontenille.fontenille-collection.com\\\/\"},{\"@type\":\"ListItem\",\"position\":2,\"name\":\"Mentions l\u00e9gales\"}]},{\"@type\":\"WebSite\",\"@id\":\"https:\\\/\\\/www.domainedefontenille.fontenille-collection.com\\\/#website\",\"url\":\"https:\\\/\\\/www.domainedefontenille.fontenille-collection.com\\\/\",\"name\":\"Domaine de Fontenille - H\u00f4tel, Restaurant &amp; Vignoble en Provence\",\"description\":\"Le charme d\u2019une bastide proven\u00e7ale entre vignes et jardins pr\u00e8s de Lourmarin, vue sur les collines du Luberon\",\"publisher\":{\"@id\":\"https:\\\/\\\/www.domainedefontenille.fontenille-collection.com\\\/#organization\"},\"potentialAction\":[{\"@type\":\"SearchAction\",\"target\":{\"@type\":\"EntryPoint\",\"urlTemplate\":\"https:\\\/\\\/www.domainedefontenille.fontenille-collection.com\\\/?s={search_term_string}\"},\"query-input\":{\"@type\":\"PropertyValueSpecification\",\"valueRequired\":true,\"valueName\":\"search_term_string\"}}],\"inLanguage\":\"it-IT\"},{\"@type\":\"Organization\",\"@id\":\"https:\\\/\\\/www.domainedefontenille.fontenille-collection.com\\\/#organization\",\"name\":\"Domaine de Fontenille - H\u00f4tel, Restaurant &amp; Vignoble en Provence\",\"url\":\"https:\\\/\\\/www.domainedefontenille.fontenille-collection.com\\\/\",\"logo\":{\"@type\":\"ImageObject\",\"inLanguage\":\"it-IT\",\"@id\":\"https:\\\/\\\/www.domainedefontenille.fontenille-collection.com\\\/#\\\/schema\\\/logo\\\/image\\\/\",\"url\":\"https:\\\/\\\/www.domainedefontenille.fontenille-collection.com\\\/wp-content\\\/uploads\\\/2024\\\/11\\\/Domaine-de-Fontenille-Logo-White.png\",\"contentUrl\":\"https:\\\/\\\/www.domainedefontenille.fontenille-collection.com\\\/wp-content\\\/uploads\\\/2024\\\/11\\\/Domaine-de-Fontenille-Logo-White.png\",\"width\":623,\"height\":172,\"caption\":\"Domaine de Fontenille - H\u00f4tel, Restaurant &amp; Vignoble en Provence\"},\"image\":{\"@id\":\"https:\\\/\\\/www.domainedefontenille.fontenille-collection.com\\\/#\\\/schema\\\/logo\\\/image\\\/\"}}]}<\/script>\n<!-- \/ Yoast SEO plugin. -->","yoast_head_json":{"title":"Note legali - Domaine de Fontenille - Hotel, Ristorante &amp; Vigneto in Provenza","robots":{"index":"index","follow":"follow","max-snippet":"max-snippet:-1","max-image-preview":"max-image-preview:large","max-video-preview":"max-video-preview:-1"},"canonical":"https:\/\/www.domainedefontenille.fontenille-collection.com\/it\/informazioni-legali\/","og_locale":"it_IT","og_type":"article","og_title":"Mentions l\u00e9gales - Domaine de Fontenille - H\u00f4tel, Restaurant &amp; Vignoble en Provence","og_description":"Mentions L\u00e9gales Notre site web : https:domainedefontenille.com Soci\u00e9t\u00e9 : Les Domaines de Fontenille SAS Si\u00e8ge social : Domaine de Fontenille 84360 Lauris Adresse de contact et \u00e9tablissement secondaire : 9 avenue de l\u2019Op\u00e9ra 75001 Paris privacy@fontenillecollection.com SIREN : 798 361 184 TVA : FR13 798361184 Capital social : 94 626 400 EUR Objet du site [&hellip;]","og_url":"https:\/\/www.domainedefontenille.fontenille-collection.com\/it\/informazioni-legali\/","og_site_name":"Domaine de Fontenille - H\u00f4tel, Restaurant &amp; Vignoble en Provence","article_modified_time":"2025-12-23T12:57:29+00:00","twitter_card":"summary_large_image","twitter_misc":{"Tempo di lettura stimato":"2 minuti"},"schema":{"@context":"https:\/\/schema.org","@graph":[{"@type":"WebPage","@id":"https:\/\/www.domainedefontenille.fontenille-collection.com\/mentions-legales\/","url":"https:\/\/www.domainedefontenille.fontenille-collection.com\/mentions-legales\/","name":"Note legali - Domaine de Fontenille - Hotel, Ristorante &amp; Vigneto in Provenza","isPartOf":{"@id":"https:\/\/www.domainedefontenille.fontenille-collection.com\/#website"},"datePublished":"2025-10-07T08:05:33+00:00","dateModified":"2025-12-23T12:57:29+00:00","breadcrumb":{"@id":"https:\/\/www.domainedefontenille.fontenille-collection.com\/mentions-legales\/#breadcrumb"},"inLanguage":"it-IT","potentialAction":[{"@type":"ReadAction","target":["https:\/\/www.domainedefontenille.fontenille-collection.com\/mentions-legales\/"]}]},{"@type":"BreadcrumbList","@id":"https:\/\/www.domainedefontenille.fontenille-collection.com\/mentions-legales\/#breadcrumb","itemListElement":[{"@type":"ListItem","position":1,"name":"Accueil","item":"https:\/\/www.domainedefontenille.fontenille-collection.com\/"},{"@type":"ListItem","position":2,"name":"Mentions l\u00e9gales"}]},{"@type":"WebSite","@id":"https:\/\/www.domainedefontenille.fontenille-collection.com\/#website","url":"https:\/\/www.domainedefontenille.fontenille-collection.com\/","name":"Domaine de Fontenille - Hotel, ristorante e vigneto in Provenza","description":"Il fascino di una bastide provenzale circondata da vigneti e giardini vicino a Lourmarin, con vista sulle colline del Luberon","publisher":{"@id":"https:\/\/www.domainedefontenille.fontenille-collection.com\/#organization"},"potentialAction":[{"@type":"SearchAction","target":{"@type":"EntryPoint","urlTemplate":"https:\/\/www.domainedefontenille.fontenille-collection.com\/?s={search_term_string}"},"query-input":{"@type":"PropertyValueSpecification","valueRequired":true,"valueName":"search_term_string"}}],"inLanguage":"it-IT"},{"@type":"Organization","@id":"https:\/\/www.domainedefontenille.fontenille-collection.com\/#organization","name":"Domaine de Fontenille - Hotel, ristorante e vigneto in Provenza","url":"https:\/\/www.domainedefontenille.fontenille-collection.com\/","logo":{"@type":"ImageObject","inLanguage":"it-IT","@id":"https:\/\/www.domainedefontenille.fontenille-collection.com\/#\/schema\/logo\/image\/","url":"https:\/\/www.domainedefontenille.fontenille-collection.com\/wp-content\/uploads\/2024\/11\/Domaine-de-Fontenille-Logo-White.png","contentUrl":"https:\/\/www.domainedefontenille.fontenille-collection.com\/wp-content\/uploads\/2024\/11\/Domaine-de-Fontenille-Logo-White.png","width":623,"height":172,"caption":"Domaine de Fontenille - H\u00f4tel, Restaurant &amp; Vignoble en Provence"},"image":{"@id":"https:\/\/www.domainedefontenille.fontenille-collection.com\/#\/schema\/logo\/image\/"}}]}},"_links":{"self":[{"href":"https:\/\/www.domainedefontenille.fontenille-collection.com\/it\/wp-json\/wp\/v2\/pages\/29260","targetHints":{"allow":["GET"]}}],"collection":[{"href":"https:\/\/www.domainedefontenille.fontenille-collection.com\/it\/wp-json\/wp\/v2\/pages"}],"about":[{"href":"https:\/\/www.domainedefontenille.fontenille-collection.com\/it\/wp-json\/wp\/v2\/types\/page"}],"author":[{"embeddable":true,"href":"https:\/\/www.domainedefontenille.fontenille-collection.com\/it\/wp-json\/wp\/v2\/users\/6"}],"replies":[{"embeddable":true,"href":"https:\/\/www.domainedefontenille.fontenille-collection.com\/it\/wp-json\/wp\/v2\/comments?post=29260"}],"version-history":[{"count":12,"href":"https:\/\/www.domainedefontenille.fontenille-collection.com\/it\/wp-json\/wp\/v2\/pages\/29260\/revisions"}],"predecessor-version":[{"id":29896,"href":"https:\/\/www.domainedefontenille.fontenille-collection.com\/it\/wp-json\/wp\/v2\/pages\/29260\/revisions\/29896"}],"wp:attachment":[{"href":"https:\/\/www.domainedefontenille.fontenille-collection.com\/it\/wp-json\/wp\/v2\/media?parent=29260"}],"curies":[{"name":"wp","href":"https:\/\/api.w.org\/{rel}","templated":true}]}}